{"id":50,"date":"2021-01-06T14:54:08","date_gmt":"2021-01-06T13:54:08","guid":{"rendered":"http:\/\/localhost\/wordpress\/?page_id=11"},"modified":"2025-04-16T16:41:01","modified_gmt":"2025-04-16T15:41:01","slug":"vorstandschaft","status":"publish","type":"page","link":"https:\/\/www.xn--jennerweinschtzen-siegensdorf-xbd.de\/index.php\/vorstandschaft\/","title":{"rendered":"Vorstandschaft"},"content":{"rendered":"\n<figure class=\"wp-block-gallery has-nested-images columns-default is-cropped wp-block-gallery-1 is-layout-flex wp-block-gallery-is-layout-flex\">\n<figure class=\"wp-block-image size-large\"><img loading=\"lazy\" decoding=\"async\" width=\"819\" height=\"1024\" data-id=\"1020\" src=\"https:\/\/www.xn--jennerweinschtzen-siegensdorf-xbd.de\/wp-content\/uploads\/2025\/04\/IMG_6330-819x1024.jpeg\" alt=\"\" class=\"wp-image-1020\" srcset=\"https:\/\/www.xn--jennerweinschtzen-siegensdorf-xbd.de\/wp-content\/uploads\/2025\/04\/IMG_6330-819x1024.jpeg 819w, https:\/\/www.xn--jennerweinschtzen-siegensdorf-xbd.de\/wp-content\/uploads\/2025\/04\/IMG_6330-240x300.jpeg 240w, https:\/\/www.xn--jennerweinschtzen-siegensdorf-xbd.de\/wp-content\/uploads\/2025\/04\/IMG_6330-768x960.jpeg 768w, https:\/\/www.xn--jennerweinschtzen-siegensdorf-xbd.de\/wp-content\/uploads\/2025\/04\/IMG_6330-1229x1536.jpeg 1229w, https:\/\/www.xn--jennerweinschtzen-siegensdorf-xbd.de\/wp-content\/uploads\/2025\/04\/IMG_6330-1639x2048.jpeg 1639w, https:\/\/www.xn--jennerweinschtzen-siegensdorf-xbd.de\/wp-content\/uploads\/2025\/04\/IMG_6330-1200x1500.jpeg 1200w, https:\/\/www.xn--jennerweinschtzen-siegensdorf-xbd.de\/wp-content\/uploads\/2025\/04\/IMG_6330-1980x2475.jpeg 1980w, https:\/\/www.xn--jennerweinschtzen-siegensdorf-xbd.de\/wp-content\/uploads\/2025\/04\/IMG_6330-scaled.jpeg 2048w\" sizes=\"auto, (max-width: 819px) 100vw, 819px\" \/><\/figure>\n<\/figure>\n\n\n\n<figure class=\"wp-block-table is-style-regular\"><table class=\"has-fixed-layout\"><tbody><tr><td>&nbsp;1.Sch\u00fctzenmeister&nbsp;<\/td><td>Martin Schweiberger<\/td><\/tr><tr><td>&nbsp;2.Sch\u00fctzenmeister<\/td><td>Thomas Wagner<\/td><\/tr><tr><td>&nbsp;Schriftf\u00fchrer<\/td><td>Patrick Gombert<\/td><\/tr><tr><td>&nbsp;Sportleiterin<\/td><td>Angelina Sch\u00f6ttl<\/td><\/tr><tr><td>&nbsp;1.Kassier<\/td><td>Matthias Frank<\/td><\/tr><tr><td>&nbsp;2.Kassier<\/td><td>Daniel Winklmeier<\/td><\/tr><tr><td>&nbsp;Kassenpr\u00fcfer<\/td><td>Johann Zellner, Karl-Heinz Reichl<\/td><\/tr><tr><td>&nbsp;Ausschuss<\/td><td>Magdalena Heitzer, Michaela Wagner, Tobias Heitzer, Gerhard Jung<\/td><\/tr><\/tbody><\/table><\/figure>\n","protected":false},"excerpt":{"rendered":"<p>&nbsp;1.Sch\u00fctzenmeister&nbsp; Martin Schweiberger &nbsp;2.Sch\u00fctzenmeister Thomas Wagner &nbsp;Schriftf\u00fchrer Patrick Gombert &nbsp;Sportleiterin Angelina Sch\u00f6ttl &nbsp;1.Kassier Matthias Frank &nbsp;2.Kassier Daniel Winklmeier &nbsp;Kassenpr\u00fcfer Johann Zellner, Karl-Heinz Reichl &nbsp;Ausschuss Magdalena Heitzer, Michaela Wagner, Tobias Heitzer, Gerhard Jung<\/p>\n","protected":false},"author":1,"featured_media":0,"parent":0,"menu_order":0,"comment_status":"closed","ping_status":"closed","template":"","meta":{"footnotes":""},"class_list":["post-50","page","type-page","status-publish","hentry"],"_links":{"self":[{"href":"https:\/\/www.xn--jennerweinschtzen-siegensdorf-xbd.de\/index.php\/wp-json\/wp\/v2\/pages\/50","targetHints":{"allow":["GET"]}}],"collection":[{"href":"https:\/\/www.xn--jennerweinschtzen-siegensdorf-xbd.de\/index.php\/wp-json\/wp\/v2\/pages"}],"about":[{"href":"https:\/\/www.xn--jennerweinschtzen-siegensdorf-xbd.de\/index.php\/wp-json\/wp\/v2\/types\/page"}],"author":[{"embeddable":true,"href":"https:\/\/www.xn--jennerweinschtzen-siegensdorf-xbd.de\/index.php\/wp-json\/wp\/v2\/users\/1"}],"replies":[{"embeddable":true,"href":"https:\/\/www.xn--jennerweinschtzen-siegensdorf-xbd.de\/index.php\/wp-json\/wp\/v2\/comments?post=50"}],"version-history":[{"count":3,"href":"https:\/\/www.xn--jennerweinschtzen-siegensdorf-xbd.de\/index.php\/wp-json\/wp\/v2\/pages\/50\/revisions"}],"predecessor-version":[{"id":1038,"href":"https:\/\/www.xn--jennerweinschtzen-siegensdorf-xbd.de\/index.php\/wp-json\/wp\/v2\/pages\/50\/revisions\/1038"}],"wp:attachment":[{"href":"https:\/\/www.xn--jennerweinschtzen-siegensdorf-xbd.de\/index.php\/wp-json\/wp\/v2\/media?parent=50"}],"curies":[{"name":"wp","href":"https:\/\/api.w.org\/{rel}","templated":true}]}}