{"id":46,"date":"2021-01-06T14:41:59","date_gmt":"2021-01-06T13:41:59","guid":{"rendered":"http:\/\/localhost\/wordpress\/?page_id=6"},"modified":"2021-01-23T17:08:47","modified_gmt":"2021-01-23T16:08:47","slug":"chronik","status":"publish","type":"page","link":"https:\/\/www.xn--jennerweinschtzen-siegensdorf-xbd.de\/index.php\/chronik\/","title":{"rendered":"Chronik"},"content":{"rendered":"\n<div class=\"wp-block-image\"><figure class=\"aligncenter size-large\"><img loading=\"lazy\" decoding=\"async\" width=\"425\" height=\"196\" src=\"https:\/\/www.xn--jennerweinschtzen-siegensdorf-xbd.de\/wordpress\/wp-content\/uploads\/2021\/01\/1.jpg\" alt=\"\" class=\"wp-image-327\" srcset=\"https:\/\/www.xn--jennerweinschtzen-siegensdorf-xbd.de\/wp-content\/uploads\/2021\/01\/1.jpg 425w, https:\/\/www.xn--jennerweinschtzen-siegensdorf-xbd.de\/wp-content\/uploads\/2021\/01\/1-300x138.jpg 300w\" sizes=\"auto, (max-width: 425px) 100vw, 425px\" \/><\/figure><\/div>\n\n\n\n<p class=\"has-normal-font-size\">Siegensdorf ist ein kleiner Ort und liegt im Goldbachtal \u00f6stlich und westlich der Bundesstrasse 15 am s\u00fcdlichen Ortsanfang von Ergoldsbach. Aus dieser kleinen Dorfgemeinschaft wurde auf Initiative von Hans Schindlbeck, am 16. September 1967 der Sch\u00fctzenverein \u201eJennerwein-Sch\u00fctzen Siegensdorf\u201c gegr\u00fcndet. Gr\u00fcndungsmitglieder waren damals: Xaver Beitlhauser, Olga und Josef Zierer, Karl Reichl, Josef Hadersbeck, Johann Englbrecht, Hans Schindlbeck, Alois Zellner, Rudolf Haase, Siegfried Bauer, Alfons Fink, Max Frimberger, Josef Ingerl, Georg Sch\u00fctz, Ernst Rahl und Josef Heitzer.<\/p>\n\n\n\n<div class=\"wp-block-image\"><figure class=\"aligncenter size-large\"><img loading=\"lazy\" decoding=\"async\" width=\"550\" height=\"335\" src=\"https:\/\/www.xn--jennerweinschtzen-siegensdorf-xbd.de\/wordpress\/wp-content\/uploads\/2021\/01\/2.jpg\" alt=\"\" class=\"wp-image-328\" srcset=\"https:\/\/www.xn--jennerweinschtzen-siegensdorf-xbd.de\/wp-content\/uploads\/2021\/01\/2.jpg 550w, https:\/\/www.xn--jennerweinschtzen-siegensdorf-xbd.de\/wp-content\/uploads\/2021\/01\/2-300x183.jpg 300w\" sizes=\"auto, (max-width: 550px) 100vw, 550px\" \/><\/figure><\/div>\n\n\n\n<p>Die erste Vorstandschaft wurde aus folgenden Sch\u00fctzen gebildet: 1. Sch\u00fctzenmeister Hans Schindlbeck, 2. Sch\u00fctzenmeister Ernst Rahl, Kassier Alfons Fink und Schriftf\u00fchrer Josef Heitzer. Der Schie\u00dfstand wurde in Eigenleistung und durch gro\u00dfz\u00fcgige Spenden im 1. Stock des Gasthauses Zierer, mit 3 Schie\u00dfst\u00e4nden errichtet. Schon damals zeigten sich unsere Herbergseltern spendabel, sie stifteten das erste Luftgewehr. Die Jennerwein-Sch\u00fctzen traten am 9.10.1967 dem Labergau Mallersdorf bei. In den Anf\u00e4ngen war die Beteiligung an den w\u00f6chentlichen Schie\u00dfabenden gro\u00df und die Mitgliederzahl stieg kr\u00e4ftig an. Die Beteiligung an den Rundenvergleichswettk\u00e4mpfen machten eine Schie\u00dfstanderweiterung unumg\u00e4nglich: Der Schie\u00dfstand wurde r\u00e4umlich umgedreht und ein neuer Schie\u00dfbock erm\u00f6glichte dann 4 Schie\u00dfst\u00e4nde. Bereits im Jahre 1968 wurde eine Sch\u00fctzenkette angeschafft, die zwischenzeitlich mit 33 K\u00f6nigstalern erg\u00e4nzt wurde. 1973 f\u00fchrten die Jennerwein-Sch\u00fctzen ihr erste Pokalschie\u00dfen mit 6 Vereinen durch. Vom 2. bis 4. September 1977 feierten die Siegensdorfer Sch\u00fctzen ihr 10-j\u00e4hriges Gr\u00fcndungsfest, dem ein Pokal- und Preisschie\u00dfen mit 17 Vereinen vorausging.<\/p>\n\n\n\n<div class=\"wp-block-image\"><figure class=\"aligncenter size-large\"><img loading=\"lazy\" decoding=\"async\" width=\"440\" height=\"306\" src=\"https:\/\/www.xn--jennerweinschtzen-siegensdorf-xbd.de\/wordpress\/wp-content\/uploads\/2021\/01\/3.jpg\" alt=\"\" class=\"wp-image-329\" srcset=\"https:\/\/www.xn--jennerweinschtzen-siegensdorf-xbd.de\/wp-content\/uploads\/2021\/01\/3.jpg 440w, https:\/\/www.xn--jennerweinschtzen-siegensdorf-xbd.de\/wp-content\/uploads\/2021\/01\/3-300x209.jpg 300w\" sizes=\"auto, (max-width: 440px) 100vw, 440px\" \/><\/figure><\/div>\n\n\n\n<p>Selbstverst\u00e4ndlich kommt bei den Jennerwein-Sch\u00fctzen auch die Geselligkeit nicht zu kurz, Faschingsveranstaltungen, Vereinsausfl\u00fcge, Weihnachtsfeiern, Christbaumversteigerungen und Silvesterpartys runden die Aktivit\u00e4ten ab. Zur Tradition des Vereins geh\u00f6rte das j\u00e4hrliche Aufstellen eines Maibaumes mit geb\u00fchrender Maifeier. Dieser sch\u00f6ne Brauch konnte zwischenzeitlich nicht mehr stattfinden, weil verantwortungslose Frevler mehrmals den festlich geschm\u00fcckten Baum nach dem Aufstellen ums\u00e4gten. Heute wird der alte Brauch nur noch in unregelm\u00e4\u00dfigen Abst\u00e4nde durchgef\u00fchrt, lediglich die Maifeier findet j\u00e4hrlich statt.<\/p>\n\n\n\n<div class=\"wp-block-image\"><figure class=\"aligncenter size-large\"><img loading=\"lazy\" decoding=\"async\" width=\"360\" height=\"474\" src=\"https:\/\/www.xn--jennerweinschtzen-siegensdorf-xbd.de\/wordpress\/wp-content\/uploads\/2021\/01\/4.jpg\" alt=\"\" class=\"wp-image-330\" srcset=\"https:\/\/www.xn--jennerweinschtzen-siegensdorf-xbd.de\/wp-content\/uploads\/2021\/01\/4.jpg 360w, https:\/\/www.xn--jennerweinschtzen-siegensdorf-xbd.de\/wp-content\/uploads\/2021\/01\/4-228x300.jpg 228w\" sizes=\"auto, (max-width: 360px) 100vw, 360px\" \/><\/figure><\/div>\n\n\n\n<p>Nat\u00fcrlich gab und gibt es auch bei unserem Verein H\u00f6hen und Tiefen, selbst die r\u00e4umlichen Verh\u00e4ltnisse des Schie\u00dfstandes gaben oft Anlass zu Unstimmigkeiten, und so wurde der Wunsch nach einem sch\u00f6nen, ger\u00e4umigen und modernen Schie\u00dfstand immer lauter. Dank der g\u00f6nnerhaften Einstellung unserer Herbergseltern konnte dieser Wunsch Wirklichkeit werden. Im Sommer 1982 beschloss man, das alte Stalleb\u00e4ude der Herbergseltern in ein Sch\u00fctzenheim umzubauen. Nach kurzer Planung begannen die Arbeiten bereits am 24. Juli 1982 in Eigenleistung, mit gro\u00dfz\u00fcgiger Unterst\u00fctzung von zahlreichen G\u00f6nnern und Freunden. Das Sch\u00fctzenheim der n\u00e4chsten 15 Jahre war mit 6 elektrischen Scheibenzuganlagen und einem kleinen Aufenthaltsraum ausgestattet.<\/p>\n\n\n\n<div class=\"wp-block-image\"><figure class=\"aligncenter size-large\"><img loading=\"lazy\" decoding=\"async\" width=\"800\" height=\"624\" src=\"https:\/\/www.xn--jennerweinschtzen-siegensdorf-xbd.de\/wordpress\/wp-content\/uploads\/2021\/01\/5.jpg\" alt=\"\" class=\"wp-image-331\" srcset=\"https:\/\/www.xn--jennerweinschtzen-siegensdorf-xbd.de\/wp-content\/uploads\/2021\/01\/5.jpg 800w, https:\/\/www.xn--jennerweinschtzen-siegensdorf-xbd.de\/wp-content\/uploads\/2021\/01\/5-300x234.jpg 300w, https:\/\/www.xn--jennerweinschtzen-siegensdorf-xbd.de\/wp-content\/uploads\/2021\/01\/5-768x599.jpg 768w\" sizes=\"auto, (max-width: 800px) 100vw, 800px\" \/><\/figure><\/div>\n\n\n\n<p>Am 18. Mai 1985 beschloss die Mitgliederversammlung eine Fahnenweihe im Folgejahr zu veranstalten. Eine neue Fahne sollte Mittelpunkt und Symbol der Gemeinschaft der Jennerwein-Sch\u00fctzen Siegensdorf sein. Vom 25. bis 27. Juli 1986 findet dann das wohl gr\u00f6\u00dfte Fest des Vereins, \u201edie Fahnenweihe\u201c, statt.<\/p>\n\n\n\n<div class=\"wp-block-file\"><a>Hier geht&#8217;s zur Festschrift<\/a><a href=\"blob:https:\/\/xn--jennerweinschtzen-siegensdorf-xbd.de\/eaee3241-b937-4799-8c25-b74e8e213957\" class=\"wp-block-file__button\" download>Herunter<\/a><\/div>\n\n\n\n<p>1997 ist es dann wieder einmal soweit: die Schie\u00dfanlage ist aufgrund des Mitgliederzuwachses wieder zu klein geworden. Auch die zahlreichen Pokale und Sch\u00fctzenscheiben, welche die Beteiligung der Jennerwein-Sch\u00fctzen an vielen Pokal- und Meisterschaftsschie\u00dfen zeigt, k\u00f6nnen aufgrund von Platzmangel gar nicht mehr repr\u00e4sentiert werden. Der anschlie\u00dfende Bau beinhaltet einen Umbau des alten Aufenthaltsraum zu zwei weiteren elektronischen Schie\u00dfst\u00e4nden, sowie den Neubau eines Gesellschaftsraum mit eigenen Toiletten, eigener K\u00fcche und einem Gastronomiebereich mit Schankerlaubnis. Seitdem gilt der Verein als selbstst\u00e4ndig und unabh\u00e4ngig, und wird in der Liste der eingetragenen Vereine gef\u00fchrt. Den somit \u201eJennerwein-Sch\u00fctzen Siegensdorf e. V.\u201c fehlte im nun sehr modernen und sch\u00f6nen Sch\u00fctzenheim nur noch ein abgegrenzter Raum zum Umziehen der Gewehrsch\u00fctzen, deren pers\u00f6nliche Ausr\u00fcstung mit der Zeit immer mehr wird. Im Herbst 2001 wird wiederum durch Eigenleistung ein solcher Raum mit Personaltoilette angebaut. Das jetzige schmucke Sch\u00fctzenheim scheint perfekt zu sein.<\/p>\n\n\n\n<div class=\"wp-block-image\"><figure class=\"aligncenter size-large\"><img loading=\"lazy\" decoding=\"async\" width=\"500\" height=\"304\" src=\"https:\/\/www.xn--jennerweinschtzen-siegensdorf-xbd.de\/wordpress\/wp-content\/uploads\/2021\/01\/6.jpg\" alt=\"\" class=\"wp-image-332\" srcset=\"https:\/\/www.xn--jennerweinschtzen-siegensdorf-xbd.de\/wp-content\/uploads\/2021\/01\/6.jpg 500w, https:\/\/www.xn--jennerweinschtzen-siegensdorf-xbd.de\/wp-content\/uploads\/2021\/01\/6-300x182.jpg 300w\" sizes=\"auto, (max-width: 500px) 100vw, 500px\" \/><\/figure><\/div>\n\n\n\n<div class=\"wp-block-image\"><figure class=\"aligncenter size-large\"><img loading=\"lazy\" decoding=\"async\" width=\"350\" height=\"505\" src=\"https:\/\/www.xn--jennerweinschtzen-siegensdorf-xbd.de\/wordpress\/wp-content\/uploads\/2021\/01\/7.jpg\" alt=\"\" class=\"wp-image-333\" srcset=\"https:\/\/www.xn--jennerweinschtzen-siegensdorf-xbd.de\/wp-content\/uploads\/2021\/01\/7.jpg 350w, https:\/\/www.xn--jennerweinschtzen-siegensdorf-xbd.de\/wp-content\/uploads\/2021\/01\/7-208x300.jpg 208w\" sizes=\"auto, (max-width: 350px) 100vw, 350px\" \/><\/figure><\/div>\n","protected":false},"excerpt":{"rendered":"<p>Siegensdorf ist ein kleiner Ort und liegt im Goldbachtal \u00f6stlich und westlich der Bundesstrasse 15 am s\u00fcdlichen Ortsanfang von Ergoldsbach. Aus dieser kleinen Dorfgemeinschaft wurde auf Initiative von Hans Schindlbeck, am 16. September 1967 der Sch\u00fctzenverein \u201eJennerwein-Sch\u00fctzen Siegensdorf\u201c gegr\u00fcndet. Gr\u00fcndungsmitglieder waren damals: Xaver Beitlhauser, Olga und Josef Zierer, Karl Reichl, Josef Hadersbeck, Johann Englbrecht, Hans [&hellip;]<\/p>\n","protected":false},"author":1,"featured_media":0,"parent":0,"menu_order":0,"comment_status":"closed","ping_status":"closed","template":"","meta":{"footnotes":""},"class_list":["post-46","page","type-page","status-publish","hentry"],"_links":{"self":[{"href":"https:\/\/www.xn--jennerweinschtzen-siegensdorf-xbd.de\/index.php\/wp-json\/wp\/v2\/pages\/46","targetHints":{"allow":["GET"]}}],"collection":[{"href":"https:\/\/www.xn--jennerweinschtzen-siegensdorf-xbd.de\/index.php\/wp-json\/wp\/v2\/pages"}],"about":[{"href":"https:\/\/www.xn--jennerweinschtzen-siegensdorf-xbd.de\/index.php\/wp-json\/wp\/v2\/types\/page"}],"author":[{"embeddable":true,"href":"https:\/\/www.xn--jennerweinschtzen-siegensdorf-xbd.de\/index.php\/wp-json\/wp\/v2\/users\/1"}],"replies":[{"embeddable":true,"href":"https:\/\/www.xn--jennerweinschtzen-siegensdorf-xbd.de\/index.php\/wp-json\/wp\/v2\/comments?post=46"}],"version-history":[{"count":6,"href":"https:\/\/www.xn--jennerweinschtzen-siegensdorf-xbd.de\/index.php\/wp-json\/wp\/v2\/pages\/46\/revisions"}],"predecessor-version":[{"id":343,"href":"https:\/\/www.xn--jennerweinschtzen-siegensdorf-xbd.de\/index.php\/wp-json\/wp\/v2\/pages\/46\/revisions\/343"}],"wp:attachment":[{"href":"https:\/\/www.xn--jennerweinschtzen-siegensdorf-xbd.de\/index.php\/wp-json\/wp\/v2\/media?parent=46"}],"curies":[{"name":"wp","href":"https:\/\/api.w.org\/{rel}","templated":true}]}}